{"id":1243,"date":"2022-07-11T10:45:23","date_gmt":"2022-07-11T10:45:23","guid":{"rendered":"https:\/\/implantati-osijek.eu\/?page_id=1243"},"modified":"2022-07-11T15:52:10","modified_gmt":"2022-07-11T15:52:10","slug":"novosti","status":"publish","type":"page","link":"https:\/\/implantati-osijek.eu\/index.php\/novosti\/","title":{"rendered":"Novosti"},"content":{"rendered":"\t\t<div data-elementor-type=\"wp-page\" data-elementor-id=\"1243\" class=\"elementor elementor-1243\" data-elementor-post-type=\"page\">\n\t\t\t\t\t\t<section data-exad-particle-enable=\"false\" class=\"elementor-section elementor-top-section elementor-element elementor-element-6425eeda elementor-section-boxed elementor-section-height-default elementor-section-height-default exad-parallax-effect-no exad-background-color-change-no exad-glass-effect-no exad-sticky-section-no\" data-id=\"6425eeda\" data-element_type=\"section\" data-e-type=\"section\" data-settings=\"{&quot;background_background&quot;:&quot;classic&quot;}\">\n\t\t\t\t\t\t<div class=\"elementor-container elementor-column-gap-no\">\n\t\t\t\t\t<div class=\"elementor-column elementor-col-33 elementor-top-column elementor-element elementor-element-7c140102 exad-glass-effect-no exad-sticky-section-no\" data-id=\"7c140102\" data-element_type=\"column\" data-e-type=\"column\">\n\t\t\t<div class=\"elementor-widget-wrap\">\n\t\t\t\t\t\t\t<\/div>\n\t\t<\/div>\n\t\t\t\t<div class=\"elementor-column elementor-col-33 elementor-top-column elementor-element elementor-element-34b4e623 exad-glass-effect-no exad-sticky-section-no\" data-id=\"34b4e623\" data-element_type=\"column\" data-e-type=\"column\">\n\t\t\t<div class=\"elementor-widget-wrap elementor-element-populated\">\n\t\t\t\t\t\t<div class=\"elementor-element elementor-element-3d2c877d exad-sticky-section-no exad-glass-effect-no elementor-widget elementor-widget-ekit-nav-menu\" data-id=\"3d2c877d\" data-element_type=\"widget\" data-e-type=\"widget\" data-widget_type=\"ekit-nav-menu.default\">\n\t\t\t\t<div class=\"elementor-widget-container\">\n\t\t\t\t\t\t\t<nav class=\"ekit-wid-con ekit_menu_responsive_tablet\"\n\t\t\tdata-hamburger-icon=\"\"\n\t\t\tdata-hamburger-icon-type=\"icon\"\n\t\t\tdata-responsive-breakpoint=\"1024\">\n\t\t\t        <\/nav>\n\t\t\t\t\t\t<\/div>\n\t\t\t\t<\/div>\n\t\t\t\t\t<\/div>\n\t\t<\/div>\n\t\t\t\t<div class=\"elementor-column elementor-col-33 elementor-top-column elementor-element elementor-element-43804780 elementor-hidden-tablet exad-glass-effect-no exad-sticky-section-no\" data-id=\"43804780\" data-element_type=\"column\" data-e-type=\"column\">\n\t\t\t<div class=\"elementor-widget-wrap\">\n\t\t\t\t\t\t\t<\/div>\n\t\t<\/div>\n\t\t\t\t\t<\/div>\n\t\t<\/section>\n\t\t\t\t<section data-exad-particle-enable=\"false\" class=\"elementor-section elementor-top-section elementor-element elementor-element-2dfaa819 elementor-section-boxed elementor-section-height-default elementor-section-height-default exad-parallax-effect-no exad-background-color-change-no exad-glass-effect-no exad-sticky-section-no\" data-id=\"2dfaa819\" data-element_type=\"section\" data-e-type=\"section\" data-settings=\"{&quot;background_background&quot;:&quot;classic&quot;}\">\n\t\t\t\t\t\t\t<div class=\"elementor-background-overlay\"><\/div>\n\t\t\t\t\t\t\t<div class=\"elementor-container elementor-column-gap-no\">\n\t\t\t\t\t<div class=\"elementor-column elementor-col-50 elementor-top-column elementor-element elementor-element-3ed6e6c3 exad-glass-effect-no exad-sticky-section-no elementor-invisible\" data-id=\"3ed6e6c3\" data-element_type=\"column\" data-e-type=\"column\" data-settings=\"{&quot;animation&quot;:&quot;fadeInLeft&quot;}\">\n\t\t\t<div class=\"elementor-widget-wrap elementor-element-populated\">\n\t\t\t\t\t\t<div class=\"elementor-element elementor-element-4f6e41d9 exad-sticky-section-no exad-glass-effect-no elementor-widget elementor-widget-heading\" data-id=\"4f6e41d9\" data-element_type=\"widget\" data-e-type=\"widget\" data-widget_type=\"heading.default\">\n\t\t\t\t<div class=\"elementor-widget-container\">\n\t\t\t\t\t<h3 class=\"elementor-heading-title elementor-size-default\">Ono \u0161to nas \u010dini boljima, \u010dini i Vas boljima.<\/h3>\t\t\t\t<\/div>\n\t\t\t\t<\/div>\n\t\t\t\t<div class=\"elementor-element elementor-element-57dafd01 exad-sticky-section-no exad-glass-effect-no elementor-widget elementor-widget-heading\" data-id=\"57dafd01\" data-element_type=\"widget\" data-e-type=\"widget\" data-widget_type=\"heading.default\">\n\t\t\t\t<div class=\"elementor-widget-container\">\n\t\t\t\t\t<h1 class=\"elementor-heading-title elementor-size-default\">Novosti<\/h1>\t\t\t\t<\/div>\n\t\t\t\t<\/div>\n\t\t\t\t<div class=\"elementor-element elementor-element-7db23ed1 exad-sticky-section-no exad-glass-effect-no elementor-widget elementor-widget-spacer\" data-id=\"7db23ed1\" data-element_type=\"widget\" data-e-type=\"widget\" data-widget_type=\"spacer.default\">\n\t\t\t\t<div class=\"elementor-widget-container\">\n\t\t\t\t\t\t\t<div class=\"elementor-spacer\">\n\t\t\t<div class=\"elementor-spacer-inner\"><\/div>\n\t\t<\/div>\n\t\t\t\t\t\t<\/div>\n\t\t\t\t<\/div>\n\t\t\t\t<div class=\"elementor-element elementor-element-2c80b7af exad-sticky-section-no exad-glass-effect-no elementor-widget elementor-widget-text-editor\" data-id=\"2c80b7af\" data-element_type=\"widget\" data-e-type=\"widget\" data-widget_type=\"text-editor.default\">\n\t\t\t\t<div class=\"elementor-widget-container\">\n\t\t\t\t\t\t\t\t\t<div class=\"ba-overlay\"><p>Na\u0161e novosti, posebne ponude i obavijesti.<br \/><br \/>Pro\u010ditajte neke od na\u0161ih \u010dlanaka o aktualnim doga\u0111ajima u svijetu stomatologije ili pak neke od na\u0161ih savjete za \u0161irok spektar usluga koje nudimo.<\/p><\/div>\t\t\t\t\t\t\t\t<\/div>\n\t\t\t\t<\/div>\n\t\t\t\t\t<\/div>\n\t\t<\/div>\n\t\t\t\t<div class=\"elementor-column elementor-col-50 elementor-top-column elementor-element elementor-element-45546d0 exad-glass-effect-no exad-sticky-section-no elementor-invisible\" data-id=\"45546d0\" data-element_type=\"column\" data-e-type=\"column\" data-settings=\"{&quot;background_background&quot;:&quot;classic&quot;,&quot;animation&quot;:&quot;fadeInRight&quot;}\">\n\t\t\t<div class=\"elementor-widget-wrap elementor-element-populated\">\n\t\t\t\t\t\t<div class=\"elementor-element elementor-element-3cbff146 elementor-hidden-tablet elementor-hidden-mobile exad-sticky-section-no exad-glass-effect-no elementor-widget elementor-widget-spacer\" data-id=\"3cbff146\" data-element_type=\"widget\" data-e-type=\"widget\" data-widget_type=\"spacer.default\">\n\t\t\t\t<div class=\"elementor-widget-container\">\n\t\t\t\t\t\t\t<div class=\"elementor-spacer\">\n\t\t\t<div class=\"elementor-spacer-inner\"><\/div>\n\t\t<\/div>\n\t\t\t\t\t\t<\/div>\n\t\t\t\t<\/div>\n\t\t\t\t<div class=\"elementor-element elementor-element-c70776 elementor-widget__width-auto exad-sticky-section-no exad-glass-effect-no elementor-widget elementor-widget-image\" data-id=\"c70776\" data-element_type=\"widget\" data-e-type=\"widget\" data-widget_type=\"image.default\">\n\t\t\t\t<div class=\"elementor-widget-container\">\n\t\t\t\t\t\t\t\t\t\t\t\t\t\t\t<img fetchpriority=\"high\" decoding=\"async\" width=\"2560\" height=\"1483\" src=\"https:\/\/implantati-osijek.eu\/wp-content\/uploads\/2022\/07\/Leon_produkcija-709-1-scaled.jpg\" class=\"elementor-animation-float attachment-full size-full wp-image-1191\" alt=\"\" srcset=\"https:\/\/implantati-osijek.eu\/wp-content\/uploads\/2022\/07\/Leon_produkcija-709-1-scaled.jpg 2560w, https:\/\/implantati-osijek.eu\/wp-content\/uploads\/2022\/07\/Leon_produkcija-709-1-300x174.jpg 300w, https:\/\/implantati-osijek.eu\/wp-content\/uploads\/2022\/07\/Leon_produkcija-709-1-1024x593.jpg 1024w, https:\/\/implantati-osijek.eu\/wp-content\/uploads\/2022\/07\/Leon_produkcija-709-1-768x445.jpg 768w, https:\/\/implantati-osijek.eu\/wp-content\/uploads\/2022\/07\/Leon_produkcija-709-1-1536x890.jpg 1536w, https:\/\/implantati-osijek.eu\/wp-content\/uploads\/2022\/07\/Leon_produkcija-709-1-2048x1186.jpg 2048w\" sizes=\"(max-width: 2560px) 100vw, 2560px\" \/>\t\t\t\t\t\t\t\t\t\t\t\t\t\t\t<\/div>\n\t\t\t\t<\/div>\n\t\t\t\t<div class=\"elementor-element elementor-element-0e1298b exad-sticky-section-no exad-glass-effect-no elementor-widget elementor-widget-spacer\" data-id=\"0e1298b\" data-element_type=\"widget\" data-e-type=\"widget\" data-widget_type=\"spacer.default\">\n\t\t\t\t<div class=\"elementor-widget-container\">\n\t\t\t\t\t\t\t<div class=\"elementor-spacer\">\n\t\t\t<div class=\"elementor-spacer-inner\"><\/div>\n\t\t<\/div>\n\t\t\t\t\t\t<\/div>\n\t\t\t\t<\/div>\n\t\t\t\t\t<\/div>\n\t\t<\/div>\n\t\t\t\t\t<\/div>\n\t\t<\/section>\n\t\t\t\t<section data-exad-particle-enable=\"false\" class=\"elementor-section elementor-top-section elementor-element elementor-element-ea29e36 elementor-section-boxed elementor-section-height-default elementor-section-height-default exad-parallax-effect-no exad-background-color-change-no exad-glass-effect-no exad-sticky-section-no\" data-id=\"ea29e36\" data-element_type=\"section\" data-e-type=\"section\">\n\t\t\t\t\t\t<div class=\"elementor-container elementor-column-gap-default\">\n\t\t\t\t\t<div class=\"elementor-column elementor-col-100 elementor-top-column elementor-element elementor-element-188ceff exad-glass-effect-no exad-sticky-section-no\" data-id=\"188ceff\" data-element_type=\"column\" data-e-type=\"column\">\n\t\t\t<div class=\"elementor-widget-wrap elementor-element-populated\">\n\t\t\t\t\t\t<div class=\"elementor-element elementor-element-fd9c968 exad-sticky-section-no exad-glass-effect-no elementor-widget elementor-widget-spacer\" data-id=\"fd9c968\" data-element_type=\"widget\" data-e-type=\"widget\" data-widget_type=\"spacer.default\">\n\t\t\t\t<div class=\"elementor-widget-container\">\n\t\t\t\t\t\t\t<div class=\"elementor-spacer\">\n\t\t\t<div class=\"elementor-spacer-inner\"><\/div>\n\t\t<\/div>\n\t\t\t\t\t\t<\/div>\n\t\t\t\t<\/div>\n\t\t\t\t\t<\/div>\n\t\t<\/div>\n\t\t\t\t\t<\/div>\n\t\t<\/section>\n\t\t\t\t<section data-exad-particle-enable=\"false\" class=\"elementor-section elementor-top-section elementor-element elementor-element-7459b3f elementor-section-boxed elementor-section-height-default elementor-section-height-default exad-parallax-effect-no exad-background-color-change-no exad-glass-effect-no exad-sticky-section-no\" data-id=\"7459b3f\" data-element_type=\"section\" data-e-type=\"section\">\n\t\t\t\t\t\t<div class=\"elementor-container elementor-column-gap-default\">\n\t\t\t\t\t<div class=\"elementor-column elementor-col-100 elementor-top-column elementor-element elementor-element-279f420 exad-glass-effect-no exad-sticky-section-no\" data-id=\"279f420\" data-element_type=\"column\" data-e-type=\"column\">\n\t\t\t<div class=\"elementor-widget-wrap elementor-element-populated\">\n\t\t\t\t\t\t<div class=\"elementor-element elementor-element-a177e00 exad-sticky-section-no exad-glass-effect-no elementor-widget elementor-widget-exad-post-grid\" data-id=\"a177e00\" data-element_type=\"widget\" data-e-type=\"widget\" data-widget_type=\"exad-post-grid.default\">\n\t\t\t\t<div class=\"elementor-widget-container\">\n\t\t\t\t\t\t\t\r\n\r\n\t\t<div class=\"exad-post-grid\">\r\n\t\t\t<div class=\"exad-row-wrapper\">\r\n\t\t\t\t\r\n<article class=\"exad-post-grid-three exad-col  \">\r\n    <div class=\"exad-post-grid-container image-position-top exad-post-grid-equal-height-\">\r\n        \t\t\r\n\t\t        <div class=\"exad-post-grid-body\">\r\n            \t\t\t\t\r\n\t\t\t\t\t\t\t\r\n                    <h3>\r\n\t\t\t\t\t\r\n\t\t\t\t\t\t\t\r\n                        <a href=\"https:\/\/implantati-osijek.eu\/index.php\/2025\/12\/06\/informasi-komprehensif-tentang-slot-togel-digital\/\" class=\"exad-post-grid-title\">Informasi Komprehensif Tentang Slot &#038; Togel Digital<\/a>\r\n\t\t\t\t\r\n\t\t\t\t\t\t\t\t\t\r\n                    <\/h3>\r\n\t\t\t\t\t\r\n\t\t\t\t\t\t\t\t\r\n                                <div class=\"exad-post-grid-description\">\r\n                    Penjelasan Mendalam Mengenai Sistem Slot dan Togel {Togel online kini naik daun di kalangan pemainPermainan kasino online juga terus berkembang pesat} di era digital. Banyak...                <\/div>\r\n                            <div class=\"exad-post-footer\"><a href=\"https:\/\/implantati-osijek.eu\/index.php\/2025\/12\/06\/informasi-komprehensif-tentang-slot-togel-digital\/\" target=\"_blank\" class=\"read-more\">Op\u0161irnije...<\/a><\/div>\r\n            \r\n        <\/div>\r\n        \t\t\r\n\t\t\t\t\r\n    <\/div>\r\n<\/article>\r\n\r\n<article class=\"exad-post-grid-three exad-col  \">\r\n    <div class=\"exad-post-grid-container image-position-top exad-post-grid-equal-height-\">\r\n        \t\t\r\n\t\t        <div class=\"exad-post-grid-body\">\r\n            \t\t\t\t\r\n\t\t\t\t\t\t\t\r\n                    <h3>\r\n\t\t\t\t\t\r\n\t\t\t\t\t\t\t\r\n                        <a href=\"https:\/\/implantati-osijek.eu\/index.php\/2025\/12\/04\/segala-hal-yang-perlu-kamu-tahu-tentang-togel-dan-slot-2025-2\/\" class=\"exad-post-grid-title\">Segala Hal yang Perlu Kamu Tahu Tentang Togel dan Slot 2025<\/a>\r\n\t\t\t\t\r\n\t\t\t\t\t\t\t\t\t\r\n                    <\/h3>\r\n\t\t\t\t\t\r\n\t\t\t\t\t\t\t\t\r\n                                <div class=\"exad-post-grid-description\">\r\n                    Informasi Lengkap Tentang Togel dan Slot Online @ysdrw backlink terbaik dan terkuat dibumi kini semakin populer di masa kini. Banyak pengguna mencari informasi akurat tentang...                <\/div>\r\n                            <div class=\"exad-post-footer\"><a href=\"https:\/\/implantati-osijek.eu\/index.php\/2025\/12\/04\/segala-hal-yang-perlu-kamu-tahu-tentang-togel-dan-slot-2025-2\/\" target=\"_blank\" class=\"read-more\">Op\u0161irnije...<\/a><\/div>\r\n            \r\n        <\/div>\r\n        \t\t\r\n\t\t\t\t\r\n    <\/div>\r\n<\/article>\r\n\r\n<article class=\"exad-post-grid-three exad-col  \">\r\n    <div class=\"exad-post-grid-container image-position-top exad-post-grid-equal-height-\">\r\n        \t\t\r\n\t\t        <div class=\"exad-post-grid-body\">\r\n            \t\t\t\t\r\n\t\t\t\t\t\t\t\r\n                    <h3>\r\n\t\t\t\t\t\r\n\t\t\t\t\t\t\t\r\n                        <a href=\"https:\/\/implantati-osijek.eu\/index.php\/2025\/12\/04\/panduan-akurat-dunia-togel-slot-modern-5\/\" class=\"exad-post-grid-title\">Panduan Akurat Dunia Togel &#038; Slot Modern<\/a>\r\n\t\t\t\t\r\n\t\t\t\t\t\t\t\t\t\r\n                    <\/h3>\r\n\t\t\t\t\t\r\n\t\t\t\t\t\t\t\t\r\n                                <div class=\"exad-post-grid-description\">\r\n                    Segala Hal yang Perlu Kamu Tahu Tentang Togel dan Slot 2025 @zjzuw backlink terbaik dan terkuat dibumi kini semakin populer di masa kini. Banyak penikmat...                <\/div>\r\n                            <div class=\"exad-post-footer\"><a href=\"https:\/\/implantati-osijek.eu\/index.php\/2025\/12\/04\/panduan-akurat-dunia-togel-slot-modern-5\/\" target=\"_blank\" class=\"read-more\">Op\u0161irnije...<\/a><\/div>\r\n            \r\n        <\/div>\r\n        \t\t\r\n\t\t\t\t\r\n    <\/div>\r\n<\/article>\r\n\r\n<article class=\"exad-post-grid-three exad-col  \">\r\n    <div class=\"exad-post-grid-container image-position-top exad-post-grid-equal-height-\">\r\n        \t\t\r\n\t\t        <div class=\"exad-post-grid-body\">\r\n            \t\t\t\t\r\n\t\t\t\t\t\t\t\r\n                    <h3>\r\n\t\t\t\t\t\r\n\t\t\t\t\t\t\t\r\n                        <a href=\"https:\/\/implantati-osijek.eu\/index.php\/2025\/12\/04\/panduan-akurat-dunia-togel-slot-modern-4\/\" class=\"exad-post-grid-title\">Panduan Akurat Dunia Togel &#038; Slot Modern<\/a>\r\n\t\t\t\t\r\n\t\t\t\t\t\t\t\t\t\r\n                    <\/h3>\r\n\t\t\t\t\t\r\n\t\t\t\t\t\t\t\t\r\n                                <div class=\"exad-post-grid-description\">\r\n                    Ulasan Lengkap Tentang Game Togel dan Slot Digital @ooauw backlink terbaik dan terkuat dibumi kini menjadi perbincangan hangat di era digital. Banyak pemain mencari sumber...                <\/div>\r\n                            <div class=\"exad-post-footer\"><a href=\"https:\/\/implantati-osijek.eu\/index.php\/2025\/12\/04\/panduan-akurat-dunia-togel-slot-modern-4\/\" target=\"_blank\" class=\"read-more\">Op\u0161irnije...<\/a><\/div>\r\n            \r\n        <\/div>\r\n        \t\t\r\n\t\t\t\t\r\n    <\/div>\r\n<\/article>\r\n\r\n<article class=\"exad-post-grid-three exad-col  \">\r\n    <div class=\"exad-post-grid-container image-position-top exad-post-grid-equal-height-\">\r\n        \t\t\r\n\t\t        <div class=\"exad-post-grid-body\">\r\n            \t\t\t\t\r\n\t\t\t\t\t\t\t\r\n                    <h3>\r\n\t\t\t\t\t\r\n\t\t\t\t\t\t\t\r\n                        <a href=\"https:\/\/implantati-osijek.eu\/index.php\/2025\/12\/02\/segala-hal-yang-perlu-kamu-tahu-tentang-togel-dan-slot-2025\/\" class=\"exad-post-grid-title\">Segala Hal yang Perlu Kamu Tahu Tentang Togel dan Slot 2025<\/a>\r\n\t\t\t\t\r\n\t\t\t\t\t\t\t\t\t\r\n                    <\/h3>\r\n\t\t\t\t\t\r\n\t\t\t\t\t\t\t\t\r\n                                <div class=\"exad-post-grid-description\">\r\n                    Fakta Menarik Dunia Slot &#038; Togel Online Terbaru @caedb backlink terbaik dan terkuat dibumi kini menarik perhatian banyak orang di masa kini. Banyak pengguna mencari...                <\/div>\r\n                            <div class=\"exad-post-footer\"><a href=\"https:\/\/implantati-osijek.eu\/index.php\/2025\/12\/02\/segala-hal-yang-perlu-kamu-tahu-tentang-togel-dan-slot-2025\/\" target=\"_blank\" class=\"read-more\">Op\u0161irnije...<\/a><\/div>\r\n            \r\n        <\/div>\r\n        \t\t\r\n\t\t\t\t\r\n    <\/div>\r\n<\/article>\r\n\r\n<article class=\"exad-post-grid-three exad-col  \">\r\n    <div class=\"exad-post-grid-container image-position-top exad-post-grid-equal-height-\">\r\n        \t\t\r\n\t\t        <div class=\"exad-post-grid-body\">\r\n            \t\t\t\t\r\n\t\t\t\t\t\t\t\r\n                    <h3>\r\n\t\t\t\t\t\r\n\t\t\t\t\t\t\t\r\n                        <a href=\"https:\/\/implantati-osijek.eu\/index.php\/2025\/12\/01\/informasi-lengkap-tentang-togel-dan-slot-online-3\/\" class=\"exad-post-grid-title\">Informasi Lengkap Tentang Togel dan Slot Online<\/a>\r\n\t\t\t\t\r\n\t\t\t\t\t\t\t\t\t\r\n                    <\/h3>\r\n\t\t\t\t\t\r\n\t\t\t\t\t\t\t\t\r\n                                <div class=\"exad-post-grid-description\">\r\n                    Ulasan Lengkap Tentang Game Togel dan Slot Digital @kauqg backlink terbaik dan terkuat dibumi kini menarik perhatian banyak orang di tahun 2025. Banyak pemain mencari...                <\/div>\r\n                            <div class=\"exad-post-footer\"><a href=\"https:\/\/implantati-osijek.eu\/index.php\/2025\/12\/01\/informasi-lengkap-tentang-togel-dan-slot-online-3\/\" target=\"_blank\" class=\"read-more\">Op\u0161irnije...<\/a><\/div>\r\n            \r\n        <\/div>\r\n        \t\t\r\n\t\t\t\t\r\n    <\/div>\r\n<\/article>\r\n    \r\n\t\t\t<\/div>\r\n\t\t\t<div class=\"exad-post-grid-load-btn\">\r\n\t\t\t\t\t\t\t<\/div>\r\n\t\t<\/div>\r\n\r\n\t\t\t\t\t<\/div>\n\t\t\t\t<\/div>\n\t\t\t\t\t<\/div>\n\t\t<\/div>\n\t\t\t\t\t<\/div>\n\t\t<\/section>\n\t\t\t\t<\/div>\n\t\t","protected":false},"excerpt":{"rendered":"<p>Ono \u0161to nas \u010dini boljima, \u010dini i Vas boljima. Novosti Na\u0161e novosti, posebne ponude i obavijesti. Pro\u010ditajte neke od na\u0161ih \u010dlanaka o aktualnim doga\u0111ajima u svijetu stomatologije ili pak neke od na\u0161ih savjete za \u0161irok spektar usluga koje nudimo. Mo\u017ee li dentalno \u010di\u0161\u0107enje nepovratno uni\u0161titi povr\u0161inu zuba? Mnogi pacijenti odbijaju \u010di\u0161\u0107enje zubi u ordinaciji iz [&hellip;]<\/p>\n","protected":false},"author":1,"featured_media":0,"parent":0,"menu_order":0,"comment_status":"closed","ping_status":"closed","template":"elementor_header_footer","meta":{"footnotes":""},"class_list":["post-1243","page","type-page","status-publish","hentry"],"_links":{"self":[{"href":"https:\/\/implantati-osijek.eu\/index.php\/wp-json\/wp\/v2\/pages\/1243","targetHints":{"allow":["GET"]}}],"collection":[{"href":"https:\/\/implantati-osijek.eu\/index.php\/wp-json\/wp\/v2\/pages"}],"about":[{"href":"https:\/\/implantati-osijek.eu\/index.php\/wp-json\/wp\/v2\/types\/page"}],"author":[{"embeddable":true,"href":"https:\/\/implantati-osijek.eu\/index.php\/wp-json\/wp\/v2\/users\/1"}],"replies":[{"embeddable":true,"href":"https:\/\/implantati-osijek.eu\/index.php\/wp-json\/wp\/v2\/comments?post=1243"}],"version-history":[{"count":22,"href":"https:\/\/implantati-osijek.eu\/index.php\/wp-json\/wp\/v2\/pages\/1243\/revisions"}],"predecessor-version":[{"id":1367,"href":"https:\/\/implantati-osijek.eu\/index.php\/wp-json\/wp\/v2\/pages\/1243\/revisions\/1367"}],"wp:attachment":[{"href":"https:\/\/implantati-osijek.eu\/index.php\/wp-json\/wp\/v2\/media?parent=1243"}],"curies":[{"name":"wp","href":"https:\/\/api.w.org\/{rel}","templated":true}]}}